{"id":151,"date":"2024-01-21T09:28:47","date_gmt":"2024-01-21T12:28:47","guid":{"rendered":"https:\/\/dracamillavidal.com.br\/?page_id=151"},"modified":"2024-11-25T10:54:13","modified_gmt":"2024-11-25T13:54:13","slug":"sonhos-realizados","status":"publish","type":"page","link":"https:\/\/dracamillavidal.com.br\/index.php\/sonhos-realizados\/","title":{"rendered":"Di\u00e1rio da Cegonha"},"content":{"rendered":"\n<div class=\"wp-block-columns alignwide are-vertically-aligned-bottom is-layout-flex wp-container-core-columns-is-layout-28f84493 wp-block-columns-is-layout-flex\">\n<div class=\"wp-block-column is-vertically-aligned-bottom is-layout-flow wp-block-column-is-layout-flow\" style=\"flex-basis:100%\">\n<div class=\"wp-block-columns are-vertically-aligned-top is-layout-flex wp-container-core-columns-is-layout-28f84493 wp-block-columns-is-layout-flex\">\n<div class=\"wp-block-column is-vertically-aligned-top is-layout-flow wp-block-column-is-layout-flow\" style=\"flex-basis:100%\">\n<div class=\"wp-block-group has-global-padding is-layout-constrained wp-block-group-is-layout-constrained\">\n<div class=\"wp-block-group alignwide has-global-padding is-layout-constrained wp-block-group-is-layout-constrained\">\n<div class=\"wp-block-columns is-layout-flex wp-container-core-columns-is-layout-28f84493 wp-block-columns-is-layout-flex\">\n<div class=\"wp-block-column is-layout-flow wp-block-column-is-layout-flow\" style=\"flex-basis:100%\">\n<div class=\"wp-block-group has-global-padding is-layout-constrained wp-block-group-is-layout-constrained\">\n<figure class=\"wp-block-embed is-type-wp-embed is-provider-dra-camilla-vidal wp-block-embed-dra-camilla-vidal\"><div class=\"wp-block-embed__wrapper\">\n<blockquote class=\"wp-embedded-content\" data-secret=\"5Ud0AY1SoH\"><a href=\"https:\/\/dracamillavidal.com.br\/index.php\/2024\/11\/25\/no-tempo-certo-uma-historia-de-esperanca-na-busca-pela-gravidez\/\">No tempo certo: uma hist\u00f3ria de esperan\u00e7a na busca pela gravidez<\/a><\/blockquote><iframe loading=\"lazy\" class=\"wp-embedded-content\" sandbox=\"allow-scripts\" security=\"restricted\" style=\"position: absolute; visibility: hidden;\" title=\"&#8220;No tempo certo: uma hist\u00f3ria de esperan\u00e7a na busca pela gravidez&#8221; &#8212; Dra. Camilla Vidal\" src=\"https:\/\/dracamillavidal.com.br\/index.php\/2024\/11\/25\/no-tempo-certo-uma-historia-de-esperanca-na-busca-pela-gravidez\/embed\/#?secret=CPMRoJIs14#?secret=5Ud0AY1SoH\" data-secret=\"5Ud0AY1SoH\" width=\"500\" height=\"282\" frameborder=\"0\" marginwidth=\"0\" marginheight=\"0\" scrolling=\"no\"><\/iframe>\n<\/div><\/figure>\n\n\n\n<figure class=\"wp-block-embed is-type-wp-embed is-provider-dra-camilla-vidal wp-block-embed-dra-camilla-vidal\"><div class=\"wp-block-embed__wrapper\">\n<blockquote class=\"wp-embedded-content\" data-secret=\"dfubfSSdzF\"><a href=\"https:\/\/dracamillavidal.com.br\/index.php\/2024\/08\/28\/diario-da-cegonha-ep-1\/\">Uma hist\u00f3ria de esperan\u00e7a e persist\u00eancia: a jornada de um casal rumo \u00e0 felicidade<\/a><\/blockquote><iframe loading=\"lazy\" class=\"wp-embedded-content\" sandbox=\"allow-scripts\" security=\"restricted\" style=\"position: absolute; visibility: hidden;\" title=\"&#8220;Uma hist\u00f3ria de esperan\u00e7a e persist\u00eancia: a jornada de um casal rumo \u00e0 felicidade&#8221; &#8212; Dra. Camilla Vidal\" src=\"https:\/\/dracamillavidal.com.br\/index.php\/2024\/08\/28\/diario-da-cegonha-ep-1\/embed\/#?secret=VN24kwGzfk#?secret=dfubfSSdzF\" data-secret=\"dfubfSSdzF\" width=\"500\" height=\"282\" frameborder=\"0\" marginwidth=\"0\" marginheight=\"0\" scrolling=\"no\"><\/iframe>\n<\/div><\/figure>\n<\/div>\n\n\n\n<div class=\"wp-block-group has-global-padding is-layout-constrained wp-block-group-is-layout-constrained\">\n<div class=\"wp-block-group has-global-padding is-layout-constrained wp-block-group-is-layout-constrained\">\n<figure class=\"wp-block-embed is-type-wp-embed is-provider-dra-camilla-vidal wp-block-embed-dra-camilla-vidal\"><div class=\"wp-block-embed__wrapper\">\n<blockquote class=\"wp-embedded-content\" data-secret=\"mXhXffWJFS\"><a href=\"https:\/\/dracamillavidal.com.br\/index.php\/2024\/06\/19\/perseveranca-e-amor-a-inspiracao-de-um-casal-na-jornada-pela-adocao-de-embrioes\/\">Perseveran\u00e7a e amor: a inspira\u00e7\u00e3o de um casal na jornada pela ado\u00e7\u00e3o de embri\u00f5es<\/a><\/blockquote><iframe loading=\"lazy\" class=\"wp-embedded-content\" sandbox=\"allow-scripts\" security=\"restricted\" style=\"position: absolute; visibility: hidden;\" title=\"&#8220;Perseveran\u00e7a e amor: a inspira\u00e7\u00e3o de um casal na jornada pela ado\u00e7\u00e3o de embri\u00f5es&#8221; &#8212; Dra. Camilla Vidal\" src=\"https:\/\/dracamillavidal.com.br\/index.php\/2024\/06\/19\/perseveranca-e-amor-a-inspiracao-de-um-casal-na-jornada-pela-adocao-de-embrioes\/embed\/#?secret=BiC0i9q00a#?secret=mXhXffWJFS\" data-secret=\"mXhXffWJFS\" width=\"500\" height=\"282\" frameborder=\"0\" marginwidth=\"0\" marginheight=\"0\" scrolling=\"no\"><\/iframe>\n<\/div><\/figure>\n<\/div>\n<\/div>\n\n\n\n<div class=\"wp-block-group has-global-padding is-layout-constrained wp-block-group-is-layout-constrained\">\n<figure class=\"wp-block-embed is-type-wp-embed is-provider-dra-camilla-vidal wp-block-embed-dra-camilla-vidal\"><div class=\"wp-block-embed__wrapper\">\n<blockquote class=\"wp-embedded-content\" data-secret=\"2ppeQGCz4q\"><a href=\"https:\/\/dracamillavidal.com.br\/index.php\/2024\/05\/22\/vencendo-a-endometriose-e-falha-de-implantacao\/\">Vencendo a endometriose e falha de implanta\u00e7\u00e3o!<\/a><\/blockquote><iframe loading=\"lazy\" class=\"wp-embedded-content\" sandbox=\"allow-scripts\" security=\"restricted\" style=\"position: absolute; visibility: hidden;\" title=\"&#8220;Vencendo a endometriose e falha de implanta\u00e7\u00e3o!&#8221; &#8212; Dra. Camilla Vidal\" src=\"https:\/\/dracamillavidal.com.br\/index.php\/2024\/05\/22\/vencendo-a-endometriose-e-falha-de-implantacao\/embed\/#?secret=eNo54j9WmA#?secret=2ppeQGCz4q\" data-secret=\"2ppeQGCz4q\" width=\"500\" height=\"282\" frameborder=\"0\" marginwidth=\"0\" marginheight=\"0\" scrolling=\"no\"><\/iframe>\n<\/div><\/figure>\n<\/div>\n\n\n\n<div class=\"wp-block-group has-global-padding is-layout-constrained wp-block-group-is-layout-constrained\">\n<figure class=\"wp-block-embed is-type-wp-embed is-provider-dra-camilla-vidal wp-block-embed-dra-camilla-vidal\"><div class=\"wp-block-embed__wrapper\">\n<blockquote class=\"wp-embedded-content\" data-secret=\"tvt5y80Al7\"><a href=\"https:\/\/dracamillavidal.com.br\/index.php\/2024\/04\/24\/maternidade-apos-os-40-anos-uma-jornada-de-perseveranca\/\">Maternidade ap\u00f3s os 40 anos: Uma jornada de perseveran\u00e7a<\/a><\/blockquote><iframe loading=\"lazy\" class=\"wp-embedded-content\" sandbox=\"allow-scripts\" security=\"restricted\" style=\"position: absolute; visibility: hidden;\" title=\"&#8220;Maternidade ap\u00f3s os 40 anos: Uma jornada de perseveran\u00e7a&#8221; &#8212; Dra. Camilla Vidal\" src=\"https:\/\/dracamillavidal.com.br\/index.php\/2024\/04\/24\/maternidade-apos-os-40-anos-uma-jornada-de-perseveranca\/embed\/#?secret=h11mKXYmun#?secret=tvt5y80Al7\" data-secret=\"tvt5y80Al7\" width=\"500\" height=\"282\" frameborder=\"0\" marginwidth=\"0\" marginheight=\"0\" scrolling=\"no\"><\/iframe>\n<\/div><\/figure>\n<\/div>\n\n\n\n<div class=\"wp-block-group has-global-padding is-layout-constrained wp-block-group-is-layout-constrained\">\n<figure class=\"wp-block-embed is-type-wp-embed is-provider-dra-camilla-vidal wp-block-embed-dra-camilla-vidal\"><div class=\"wp-block-embed__wrapper\">\n<blockquote class=\"wp-embedded-content\" data-secret=\"uPY8waq5rf\"><a href=\"https:\/\/dracamillavidal.com.br\/index.php\/2024\/03\/27\/infertilidade-sem-causa-aparente-isca-superando-a-incerteza-com-a-resiliencia\/\">Infertilidade sem Causa Aparente (ISCA): superando a incerteza com a resili\u00eancia<\/a><\/blockquote><iframe loading=\"lazy\" class=\"wp-embedded-content\" sandbox=\"allow-scripts\" security=\"restricted\" style=\"position: absolute; visibility: hidden;\" title=\"&#8220;Infertilidade sem Causa Aparente (ISCA): superando a incerteza com a resili\u00eancia&#8221; &#8212; Dra. Camilla Vidal\" src=\"https:\/\/dracamillavidal.com.br\/index.php\/2024\/03\/27\/infertilidade-sem-causa-aparente-isca-superando-a-incerteza-com-a-resiliencia\/embed\/#?secret=pHFJNn106o#?secret=uPY8waq5rf\" data-secret=\"uPY8waq5rf\" width=\"500\" height=\"282\" frameborder=\"0\" marginwidth=\"0\" marginheight=\"0\" scrolling=\"no\"><\/iframe>\n<\/div><\/figure>\n<\/div>\n\n\n\n<div class=\"wp-block-columns is-layout-flex wp-container-core-columns-is-layout-28f84493 wp-block-columns-is-layout-flex\">\n<div class=\"wp-block-column is-vertically-aligned-top is-layout-flow wp-block-column-is-layout-flow\" style=\"flex-basis:100%\">\n<div class=\"wp-block-columns is-layout-flex wp-container-core-columns-is-layout-28f84493 wp-block-columns-is-layout-flex\">\n<div class=\"wp-block-column is-layout-flow wp-block-column-is-layout-flow\" style=\"flex-basis:100%\">\n<div class=\"wp-block-group has-global-padding is-layout-constrained wp-block-group-is-layout-constrained\">\n<figure class=\"wp-block-embed aligncenter is-type-wp-embed is-provider-dra-camilla-vidal wp-block-embed-dra-camilla-vidal\"><div class=\"wp-block-embed__wrapper\">\n<blockquote class=\"wp-embedded-content\" data-secret=\"eNQBrF56Ju\"><a href=\"https:\/\/dracamillavidal.com.br\/index.php\/2024\/02\/21\/superando-a-infertilidade-secundaria-uma-historia-de-determinacao-e-esperanca\/\">Superando a infertilidade secund\u00e1ria: uma hist\u00f3ria de determina\u00e7\u00e3o e esperan\u00e7a!<\/a><\/blockquote><iframe loading=\"lazy\" class=\"wp-embedded-content\" sandbox=\"allow-scripts\" security=\"restricted\" style=\"position: absolute; visibility: hidden;\" title=\"&#8220;Superando a infertilidade secund\u00e1ria: uma hist\u00f3ria de determina\u00e7\u00e3o e esperan\u00e7a!&#8221; &#8212; Dra. Camilla Vidal\" src=\"https:\/\/dracamillavidal.com.br\/index.php\/2024\/02\/21\/superando-a-infertilidade-secundaria-uma-historia-de-determinacao-e-esperanca\/embed\/#?secret=Dl2d2N474H#?secret=eNQBrF56Ju\" data-secret=\"eNQBrF56Ju\" width=\"500\" height=\"282\" frameborder=\"0\" marginwidth=\"0\" marginheight=\"0\" scrolling=\"no\"><\/iframe>\n<\/div><\/figure>\n<\/div>\n<\/div>\n<\/div>\n<\/div>\n<\/div>\n\n\n\n<div class=\"wp-block-group has-global-padding is-layout-constrained wp-block-group-is-layout-constrained\">\n<div class=\"wp-block-columns is-layout-flex wp-container-core-columns-is-layout-28f84493 wp-block-columns-is-layout-flex\">\n<div class=\"wp-block-column is-layout-flow wp-block-column-is-layout-flow\" style=\"flex-basis:100%\">\n<figure class=\"wp-block-embed is-type-wp-embed is-provider-dra-camilla-vidal wp-block-embed-dra-camilla-vidal\"><div class=\"wp-block-embed__wrapper\">\n<blockquote class=\"wp-embedded-content\" data-secret=\"MhPtDmNiNn\"><a href=\"https:\/\/dracamillavidal.com.br\/index.php\/2024\/01\/24\/gestacao-heterotopica-um-caminho-de-superacao-e-perseveranca\/\">Gesta\u00e7\u00e3o Heterot\u00f3pica: um caminho de supera\u00e7\u00e3o e perseveran\u00e7a<\/a><\/blockquote><iframe loading=\"lazy\" class=\"wp-embedded-content\" sandbox=\"allow-scripts\" security=\"restricted\" style=\"position: absolute; visibility: hidden;\" title=\"&#8220;Gesta\u00e7\u00e3o Heterot\u00f3pica: um caminho de supera\u00e7\u00e3o e perseveran\u00e7a&#8221; &#8212; Dra. Camilla Vidal\" src=\"https:\/\/dracamillavidal.com.br\/index.php\/2024\/01\/24\/gestacao-heterotopica-um-caminho-de-superacao-e-perseveranca\/embed\/#?secret=5pLTy4iwrk#?secret=MhPtDmNiNn\" data-secret=\"MhPtDmNiNn\" width=\"500\" height=\"282\" frameborder=\"0\" marginwidth=\"0\" marginheight=\"0\" scrolling=\"no\"><\/iframe>\n<\/div><\/figure>\n<\/div>\n<\/div>\n<\/div>\n<\/div>\n<\/div>\n<\/div>\n<\/div>\n<\/div>\n<\/div>\n<\/div>\n<\/div>\n\n\n\n<div class=\"wp-block-columns are-vertically-aligned-center is-layout-flex wp-container-core-columns-is-layout-28f84493 wp-block-columns-is-layout-flex\">\n<div class=\"wp-block-column is-vertically-aligned-center is-layout-flow wp-block-column-is-layout-flow\" style=\"flex-basis:100%\">\n<div class=\"wp-block-columns is-layout-flex wp-container-core-columns-is-layout-28f84493 wp-block-columns-is-layout-flex\">\n<div class=\"wp-block-column is-layout-flow wp-block-column-is-layout-flow\" style=\"flex-basis:100%\">\n<div class=\"wp-block-columns is-layout-flex wp-container-core-columns-is-layout-28f84493 wp-block-columns-is-layout-flex\">\n<div class=\"wp-block-column is-layout-flow wp-block-column-is-layout-flow\" style=\"flex-basis:100%\"><\/div>\n<\/div>\n<\/div>\n<\/div>\n<\/div>\n<\/div>\n","protected":false},"excerpt":{"rendered":"","protected":false},"author":1,"featured_media":0,"parent":0,"menu_order":0,"comment_status":"closed","ping_status":"closed","template":"","meta":{"_joinchat":[],"footnotes":""},"class_list":["post-151","page","type-page","status-publish","hentry"],"aioseo_notices":[],"_hostinger_reach_plugin_has_subscription_block":false,"_hostinger_reach_plugin_is_elementor":false,"_links":{"self":[{"href":"https:\/\/dracamillavidal.com.br\/index.php\/wp-json\/wp\/v2\/pages\/151","targetHints":{"allow":["GET"]}}],"collection":[{"href":"https:\/\/dracamillavidal.com.br\/index.php\/wp-json\/wp\/v2\/pages"}],"about":[{"href":"https:\/\/dracamillavidal.com.br\/index.php\/wp-json\/wp\/v2\/types\/page"}],"author":[{"embeddable":true,"href":"https:\/\/dracamillavidal.com.br\/index.php\/wp-json\/wp\/v2\/users\/1"}],"replies":[{"embeddable":true,"href":"https:\/\/dracamillavidal.com.br\/index.php\/wp-json\/wp\/v2\/comments?post=151"}],"version-history":[{"count":17,"href":"https:\/\/dracamillavidal.com.br\/index.php\/wp-json\/wp\/v2\/pages\/151\/revisions"}],"predecessor-version":[{"id":423,"href":"https:\/\/dracamillavidal.com.br\/index.php\/wp-json\/wp\/v2\/pages\/151\/revisions\/423"}],"wp:attachment":[{"href":"https:\/\/dracamillavidal.com.br\/index.php\/wp-json\/wp\/v2\/media?parent=151"}],"curies":[{"name":"wp","href":"https:\/\/api.w.org\/{rel}","templated":true}]}}